{"id":17,"date":"2019-10-21T20:13:51","date_gmt":"2019-10-21T18:13:51","guid":{"rendered":"http:\/\/interno-sprlu.be\/?page_id=17"},"modified":"2019-10-21T20:55:11","modified_gmt":"2019-10-21T18:55:11","slug":"accueil","status":"publish","type":"page","link":"https:\/\/interno-sprlu.be\/","title":{"rendered":"Accueil"},"content":{"rendered":"<p>Bienvenue sur le tout nouveau site de INterno Sprlu&#8230;<\/p>\n<p>La cuisine moderne est une cuisine design, une cuisine contemporaine qui offre de nombreuses options et s\u2019int\u00e8gre facilement dans toutes sortes d\u2019univers.<br \/>\nElle est le reflet d\u2019un d\u00e9sir de vivre dans son temps et de profiter des innovations techniques\u00a0: nouvelles mati\u00e8res, nouveaux coloris, confort ergonomique.<br \/>\nElle est l\u2019assemblage id\u00e9al de l\u2019esth\u00e9tique et de la praticit\u00e9 r\u00e9unies.<\/p>\n","protected":false},"excerpt":{"rendered":"<p>Bienvenue sur le tout nouveau site de INterno Sprlu&#8230; La cuisine moderne est une cuisine design, une cuisine contemporaine qui offre de nombreuses options et s\u2019int\u00e8gre facilement dans toutes sortes d\u2019univers. Elle est le reflet d\u2019un d\u00e9sir de vivre dans son temps et de profiter des innovations techniques\u00a0: nouvelles mati\u00e8res, nouveaux coloris, confort ergonomique. Elle &hellip; <\/p>\n<p class=\"link-more\"><a href=\"https:\/\/interno-sprlu.be\/\" class=\"more-link\">Continue reading<span class=\"screen-reader-text\"> &#8220;Accueil&#8221;<\/span><\/a><\/p>\n","protected":false},"author":1,"featured_media":0,"parent":0,"menu_order":0,"comment_status":"closed","ping_status":"closed","template":"","meta":[],"_links":{"self":[{"href":"https:\/\/interno-sprlu.be\/index.php\/wp-json\/wp\/v2\/pages\/17"}],"collection":[{"href":"https:\/\/interno-sprlu.be\/index.php\/wp-json\/wp\/v2\/pages"}],"about":[{"href":"https:\/\/interno-sprlu.be\/index.php\/wp-json\/wp\/v2\/types\/page"}],"author":[{"embeddable":true,"href":"https:\/\/interno-sprlu.be\/index.php\/wp-json\/wp\/v2\/users\/1"}],"replies":[{"embeddable":true,"href":"https:\/\/interno-sprlu.be\/index.php\/wp-json\/wp\/v2\/comments?post=17"}],"version-history":[{"count":3,"href":"https:\/\/interno-sprlu.be\/index.php\/wp-json\/wp\/v2\/pages\/17\/revisions"}],"predecessor-version":[{"id":41,"href":"https:\/\/interno-sprlu.be\/index.php\/wp-json\/wp\/v2\/pages\/17\/revisions\/41"}],"wp:attachment":[{"href":"https:\/\/interno-sprlu.be\/index.php\/wp-json\/wp\/v2\/media?parent=17"}],"curies":[{"name":"wp","href":"https:\/\/api.w.org\/{rel}","templated":true}]}}